{"id":593,"date":"2020-01-13T11:08:58","date_gmt":"2020-01-13T11:08:58","guid":{"rendered":"https:\/\/demosites.io\/web-agency\/?page_id=5"},"modified":"2025-03-04T10:39:09","modified_gmt":"2025-03-04T09:39:09","slug":"proyectos","status":"publish","type":"page","link":"https:\/\/apartamentosjuanallo.es\/en\/","title":{"rendered":"Home"},"content":{"rendered":"<div data-elementor-type=\"wp-page\" data-elementor-id=\"593\" class=\"elementor elementor-593\">\n\t\t\t\t\t\t<section class=\"elementor-section elementor-top-section elementor-element elementor-element-6e785a1 elementor-section-height-min-height elementor-section-full_width elementor-section-height-default elementor-section-items-middle\" data-id=\"6e785a1\" data-element_type=\"section\" data-settings=\"{&quot;background_background&quot;:&quot;slideshow&quot;,&quot;background_slideshow_gallery&quot;:[{&quot;id&quot;:2440,&quot;url&quot;:&quot;https:\\\/\\\/teal-clam-246219.hostingersite.com\\\/wp-content\\\/uploads\\\/2025\\\/03\\\/DSC00494-HDR-1-scaled.jpg&quot;}],&quot;background_slideshow_loop&quot;:&quot;yes&quot;,&quot;background_slideshow_slide_duration&quot;:5000,&quot;background_slideshow_slide_transition&quot;:&quot;fade&quot;,&quot;background_slideshow_transition_duration&quot;:500}\">\n\t\t\t\t\t\t\t<div class=\"elementor-background-overlay\"><\/div>\n\t\t\t\t\t\t\t<div class=\"elementor-container elementor-column-gap-default\">\n\t\t\t\t\t<div class=\"elementor-column elementor-col-100 elementor-top-column elementor-element elementor-element-696ff69\" data-id=\"696ff69\" data-element_type=\"column\">\n\t\t\t<div class=\"elementor-widget-wrap\">\n\t\t\t\t\t\t\t<\/div>\n\t\t<\/div>\n\t\t\t\t\t<\/div>\n\t\t<\/section>\n\t\t<div class=\"elementor-element elementor-element-a6aa0f4 e-flex e-con-boxed e-con e-parent\" data-id=\"a6aa0f4\" data-element_type=\"container\">\n\t\t\t\t\t<div class=\"e-con-inner\">\n\t\t\t\t<div class=\"elementor-element elementor-element-503ce19 elementor-widget elementor-widget-heading\" data-id=\"503ce19\" data-element_type=\"widget\" data-widget_type=\"heading.default\">\n\t\t\t\t<div class=\"elementor-widget-container\">\n\t\t\t\t\t<h2 class=\"elementor-heading-title elementor-size-default\">Your home between the sea and the history of Galicia<\/h2>\t\t\t\t<\/div>\n\t\t\t\t<\/div>\n\t\t\t\t\t<\/div>\n\t\t\t\t<\/div>\n\t\t<div class=\"elementor-element elementor-element-238e329 e-flex e-con-boxed e-con e-parent\" data-id=\"238e329\" data-element_type=\"container\">\n\t\t\t\t\t<div class=\"e-con-inner\">\n\t\t\t\t<div class=\"elementor-element elementor-element-502cd4e elementor-widget elementor-widget-heading\" data-id=\"502cd4e\" data-element_type=\"widget\" data-widget_type=\"heading.default\">\n\t\t\t\t<div class=\"elementor-widget-container\">\n\t\t\t\t\t<h1 class=\"elementor-heading-title elementor-size-default\">APARTMENT IN URDILDE<\/h1>\t\t\t\t<\/div>\n\t\t\t\t<\/div>\n\t\t\t\t\t<\/div>\n\t\t\t\t<\/div>\n\t\t<div class=\"elementor-element elementor-element-dd54f57 e-flex e-con-boxed e-con e-parent\" data-id=\"dd54f57\" data-element_type=\"container\">\n\t\t\t\t\t<div class=\"e-con-inner\">\n\t\t<div class=\"elementor-element elementor-element-caba160 e-con-full e-flex e-con e-child\" data-id=\"caba160\" data-element_type=\"container\">\n\t\t\t\t<div class=\"elementor-element elementor-element-2ea2185 elementor-widget elementor-widget-image\" data-id=\"2ea2185\" data-element_type=\"widget\" data-widget_type=\"image.default\">\n\t\t\t\t<div class=\"elementor-widget-container\">\n\t\t\t\t\t\t\t\t\t\t\t\t\t\t\t<img decoding=\"async\" width=\"300\" height=\"146\" src=\"https:\/\/apartamentosjuanallo.es\/wp-content\/uploads\/2025\/03\/logo-pueblos-mas-bonitos.png\" class=\"attachment-large size-large wp-image-2442\" alt=\"\" srcset=\"https:\/\/apartamentosjuanallo.es\/wp-content\/uploads\/2025\/03\/logo-pueblos-mas-bonitos.png 300w, https:\/\/apartamentosjuanallo.es\/wp-content\/uploads\/2025\/03\/logo-pueblos-mas-bonitos-18x9.png 18w\" sizes=\"(max-width: 300px) 100vw, 300px\" \/>\t\t\t\t\t\t\t\t\t\t\t\t\t\t\t<\/div>\n\t\t\t\t<\/div>\n\t\t\t\t<\/div>\n\t\t<div class=\"elementor-element elementor-element-0bece63 e-con-full e-flex e-con e-child\" data-id=\"0bece63\" data-element_type=\"container\">\n\t\t\t\t<div class=\"elementor-element elementor-element-b09b942 elementor-widget elementor-widget-text-editor\" data-id=\"b09b942\" data-element_type=\"widget\" data-widget_type=\"text-editor.default\">\n\t\t\t\t<div class=\"elementor-widget-container\">\n\t\t\t\t\t\t\t\t\t<p>Treat yourself to moments of true well-being at the nearby spa, where you can relax after your excursions. Just 10 minutes away, discover the charm of <strong>Ponte Maceira<\/strong>, recognized as <strong>one of the most beautiful towns in Spain<\/strong>, with its medieval bridge over the Tambre River and its dreamlike landscapes that seem straight out of a story<\/p>\t\t\t\t\t\t\t\t<\/div>\n\t\t\t\t<\/div>\n\t\t\t\t<\/div>\n\t\t\t\t\t<\/div>\n\t\t\t\t<\/div>\n\t\t<div class=\"elementor-element elementor-element-03e53e1 e-flex e-con-boxed e-con e-parent\" data-id=\"03e53e1\" data-element_type=\"container\">\n\t\t\t\t\t<div class=\"e-con-inner\">\n\t\t<div class=\"elementor-element elementor-element-9127ac5 e-con-full e-flex e-con e-child\" data-id=\"9127ac5\" data-element_type=\"container\">\n\t\t\t\t<div class=\"elementor-element elementor-element-b035386 elementor-widget elementor-widget-image\" data-id=\"b035386\" data-element_type=\"widget\" data-widget_type=\"image.default\">\n\t\t\t\t<div class=\"elementor-widget-container\">\n\t\t\t\t\t\t\t\t\t\t\t\t\t\t\t<img fetchpriority=\"high\" decoding=\"async\" width=\"600\" height=\"400\" src=\"https:\/\/apartamentosjuanallo.es\/wp-content\/uploads\/2025\/03\/catedral-e1741039106385.png\" class=\"attachment-large size-large wp-image-2443\" alt=\"\" srcset=\"https:\/\/apartamentosjuanallo.es\/wp-content\/uploads\/2025\/03\/catedral-e1741039106385.png 600w, https:\/\/apartamentosjuanallo.es\/wp-content\/uploads\/2025\/03\/catedral-e1741039106385-300x200.png 300w, https:\/\/apartamentosjuanallo.es\/wp-content\/uploads\/2025\/03\/catedral-e1741039106385-18x12.png 18w\" sizes=\"(max-width: 600px) 100vw, 600px\" \/>\t\t\t\t\t\t\t\t\t\t\t\t\t\t\t<\/div>\n\t\t\t\t<\/div>\n\t\t\t\t<\/div>\n\t\t<div class=\"elementor-element elementor-element-66ff543 e-con-full e-flex e-con e-child\" data-id=\"66ff543\" data-element_type=\"container\">\n\t\t\t\t<div class=\"elementor-element elementor-element-e9c3aac elementor-widget elementor-widget-text-editor\" data-id=\"e9c3aac\" data-element_type=\"widget\" data-widget_type=\"text-editor.default\">\n\t\t\t\t<div class=\"elementor-widget-container\">\n\t\t\t\t\t\t\t\t\t<p>Located in the quiet enclave of <strong>Urdilde<\/strong>, our apartment offers you the best of both worlds: the <strong>serenity of the Galician rural environment<\/strong> and the proximity to the main attractions of the region. Just a 20-minute drive away, you can immerse yourself in the crystal-clear waters of the Atlantic or get lost in the medieval alleys of <strong>Santiago de Compostela<\/strong>, World Heritage Site.<\/p>\t\t\t\t\t\t\t\t<\/div>\n\t\t\t\t<\/div>\n\t\t\t\t<\/div>\n\t\t\t\t\t<\/div>\n\t\t\t\t<\/div>\n\t\t<div class=\"elementor-element elementor-element-05674aa e-flex e-con-boxed e-con e-parent\" data-id=\"05674aa\" data-element_type=\"container\">\n\t\t\t\t\t<div class=\"e-con-inner\">\n\t\t<div class=\"elementor-element elementor-element-a1b0539 e-con-full e-flex e-con e-child\" data-id=\"a1b0539\" data-element_type=\"container\">\n\t\t\t\t<div class=\"elementor-element elementor-element-df8c88f elementor-widget elementor-widget-image\" data-id=\"df8c88f\" data-element_type=\"widget\" data-widget_type=\"image.default\">\n\t\t\t\t<div class=\"elementor-widget-container\">\n\t\t\t\t\t\t\t\t\t\t\t\t\t\t\t<img decoding=\"async\" width=\"600\" height=\"600\" src=\"https:\/\/apartamentosjuanallo.es\/wp-content\/uploads\/2025\/03\/balneario.png\" class=\"attachment-large size-large wp-image-2444\" alt=\"\" srcset=\"https:\/\/apartamentosjuanallo.es\/wp-content\/uploads\/2025\/03\/balneario.png 600w, https:\/\/apartamentosjuanallo.es\/wp-content\/uploads\/2025\/03\/balneario-300x300.png 300w, https:\/\/apartamentosjuanallo.es\/wp-content\/uploads\/2025\/03\/balneario-150x150.png 150w, https:\/\/apartamentosjuanallo.es\/wp-content\/uploads\/2025\/03\/balneario-12x12.png 12w\" sizes=\"(max-width: 600px) 100vw, 600px\" \/>\t\t\t\t\t\t\t\t\t\t\t\t\t\t\t<\/div>\n\t\t\t\t<\/div>\n\t\t\t\t<\/div>\n\t\t<div class=\"elementor-element elementor-element-2d6f4ca e-con-full e-flex e-con e-child\" data-id=\"2d6f4ca\" data-element_type=\"container\">\n\t\t\t\t<div class=\"elementor-element elementor-element-4bc5357 elementor-widget elementor-widget-text-editor\" data-id=\"4bc5357\" data-element_type=\"widget\" data-widget_type=\"text-editor.default\">\n\t\t\t\t<div class=\"elementor-widget-container\">\n\t\t\t\t\t\t\t\t\t<p>One of the best kept treasures of our location is the <b>magnificent spa<\/b> located just <b>5 minutes<\/b> of the apartment. After a day exploring Santiago de Compostela or enjoying the Galician beaches, return to Urdilde and immerse yourself in an oasis of tranquility. The hot springs and wellness treatments will help you renew body and mind, turning your stay into a truly revitalizing experience.<\/p>\t\t\t\t\t\t\t\t<\/div>\n\t\t\t\t<\/div>\n\t\t\t\t<\/div>\n\t\t\t\t\t<\/div>\n\t\t\t\t<\/div>\n\t\t<div class=\"elementor-element elementor-element-e680aa5 e-flex e-con-boxed e-con e-parent\" data-id=\"e680aa5\" data-element_type=\"container\">\n\t\t\t\t\t<div class=\"e-con-inner\">\n\t\t<div class=\"elementor-element elementor-element-a590152 e-con-full e-flex e-con e-child\" data-id=\"a590152\" data-element_type=\"container\">\n\t\t\t\t<div class=\"elementor-element elementor-element-bfc8d67 elementor-widget elementor-widget-heading\" data-id=\"bfc8d67\" data-element_type=\"widget\" data-widget_type=\"heading.default\">\n\t\t\t\t<div class=\"elementor-widget-container\">\n\t\t\t\t\t<h2 class=\"elementor-heading-title elementor-size-default\">Our apartment<\/h2>\t\t\t\t<\/div>\n\t\t\t\t<\/div>\n\t\t\t\t<div class=\"elementor-element elementor-element-6eeac37 elementor-widget elementor-widget-text-editor\" data-id=\"6eeac37\" data-element_type=\"widget\" data-widget_type=\"text-editor.default\">\n\t\t\t\t<div class=\"elementor-widget-container\">\n\t\t\t\t\t\t\t\t\t<p>This spacious home features three cozy bedrooms, including a master suite with private bath, complemented by a second full bathroom. The heart of the apartment is its spacious living-dining room bathed in natural light, perfect for relaxing after a day of adventures.<\/p>\t\t\t\t\t\t\t\t<\/div>\n\t\t\t\t<\/div>\n\t\t\t\t<div class=\"elementor-element elementor-element-13d347f elementor-align-center elementor-widget elementor-widget-button\" data-id=\"13d347f\" data-element_type=\"widget\" data-widget_type=\"button.default\">\n\t\t\t\t<div class=\"elementor-widget-container\">\n\t\t\t\t\t\t\t\t\t<div class=\"elementor-button-wrapper\">\n\t\t\t\t\t<a class=\"elementor-button elementor-button-link elementor-size-sm\" href=\"\/en\/apartamento\/\">\n\t\t\t\t\t\t<span class=\"elementor-button-content-wrapper\">\n\t\t\t\t\t\t\t\t\t<span class=\"elementor-button-text\">More information<\/span>\n\t\t\t\t\t<\/span>\n\t\t\t\t\t<\/a>\n\t\t\t\t<\/div>\n\t\t\t\t\t\t\t\t<\/div>\n\t\t\t\t<\/div>\n\t\t\t\t<\/div>\n\t\t<div class=\"elementor-element elementor-element-cd62ad1 e-con-full e-flex e-con e-child\" data-id=\"cd62ad1\" data-element_type=\"container\">\n\t\t\t\t<div class=\"elementor-element elementor-element-3d27929 elementor-widget elementor-widget-image-gallery\" data-id=\"3d27929\" data-element_type=\"widget\" data-widget_type=\"image-gallery.default\">\n\t\t\t\t<div class=\"elementor-widget-container\">\n\t\t\t\t\t\t\t<div class=\"elementor-image-gallery\">\n\t\t\t<div id='gallery-1' class='gallery galleryid-593 gallery-columns-3 gallery-size-thumbnail'><figure class='gallery-item'>\n\t\t\t<div class='gallery-icon landscape'>\n\t\t\t\t<a data-elementor-open-lightbox=\"yes\" data-elementor-lightbox-slideshow=\"3d27929\" data-e-action-hash=\"#elementor-action%3Aaction%3Dlightbox%26settings%3DeyJpZCI6MjQwNCwidXJsIjoiaHR0cHM6XC9cL2FwYXJ0YW1lbnRvc2p1YW5hbGxvLmVzXC93cC1jb250ZW50XC91cGxvYWRzXC8yMDI1XC8wM1wvRFNDMDA0NjYtSERSLXNjYWxlZC5qcGciLCJzbGlkZXNob3ciOiIzZDI3OTI5In0%3D\" href='https:\/\/apartamentosjuanallo.es\/wp-content\/uploads\/2025\/03\/DSC00466-HDR-scaled.jpg'><img loading=\"lazy\" decoding=\"async\" width=\"150\" height=\"150\" src=\"https:\/\/apartamentosjuanallo.es\/wp-content\/uploads\/2025\/03\/DSC00466-HDR-150x150.jpg\" class=\"attachment-thumbnail size-thumbnail\" alt=\"\" \/><\/a>\n\t\t\t<\/div><\/figure><figure class='gallery-item'>\n\t\t\t<div class='gallery-icon landscape'>\n\t\t\t\t<a data-elementor-open-lightbox=\"yes\" data-elementor-lightbox-slideshow=\"3d27929\" data-e-action-hash=\"#elementor-action%3Aaction%3Dlightbox%26settings%3DeyJpZCI6MjQzMCwidXJsIjoiaHR0cHM6XC9cL2FwYXJ0YW1lbnRvc2p1YW5hbGxvLmVzXC93cC1jb250ZW50XC91cGxvYWRzXC8yMDI1XC8wM1wvRFNDMDA1NjAtSERSLXNjYWxlZC5qcGciLCJzbGlkZXNob3ciOiIzZDI3OTI5In0%3D\" href='https:\/\/apartamentosjuanallo.es\/wp-content\/uploads\/2025\/03\/DSC00560-HDR-scaled.jpg'><img loading=\"lazy\" decoding=\"async\" width=\"150\" height=\"150\" src=\"https:\/\/apartamentosjuanallo.es\/wp-content\/uploads\/2025\/03\/DSC00560-HDR-150x150.jpg\" class=\"attachment-thumbnail size-thumbnail\" alt=\"\" \/><\/a>\n\t\t\t<\/div><\/figure><figure class='gallery-item'>\n\t\t\t<div class='gallery-icon landscape'>\n\t\t\t\t<a data-elementor-open-lightbox=\"yes\" data-elementor-lightbox-slideshow=\"3d27929\" data-e-action-hash=\"#elementor-action%3Aaction%3Dlightbox%26settings%3DeyJpZCI6MjQyNCwidXJsIjoiaHR0cHM6XC9cL2FwYXJ0YW1lbnRvc2p1YW5hbGxvLmVzXC93cC1jb250ZW50XC91cGxvYWRzXC8yMDI1XC8wM1wvRFNDMDA1MzktSERSLXNjYWxlZC5qcGciLCJzbGlkZXNob3ciOiIzZDI3OTI5In0%3D\" href='https:\/\/apartamentosjuanallo.es\/wp-content\/uploads\/2025\/03\/DSC00539-HDR-scaled.jpg'><img loading=\"lazy\" decoding=\"async\" width=\"150\" height=\"150\" src=\"https:\/\/apartamentosjuanallo.es\/wp-content\/uploads\/2025\/03\/DSC00539-HDR-150x150.jpg\" class=\"attachment-thumbnail size-thumbnail\" alt=\"\" \/><\/a>\n\t\t\t<\/div><\/figure><figure class='gallery-item'>\n\t\t\t<div class='gallery-icon landscape'>\n\t\t\t\t<a data-elementor-open-lightbox=\"yes\" data-elementor-lightbox-slideshow=\"3d27929\" data-e-action-hash=\"#elementor-action%3Aaction%3Dlightbox%26settings%3DeyJpZCI6MjQyMSwidXJsIjoiaHR0cHM6XC9cL2FwYXJ0YW1lbnRvc2p1YW5hbGxvLmVzXC93cC1jb250ZW50XC91cGxvYWRzXC8yMDI1XC8wM1wvRFNDMDA1MzAtSERSLXNjYWxlZC5qcGciLCJzbGlkZXNob3ciOiIzZDI3OTI5In0%3D\" href='https:\/\/apartamentosjuanallo.es\/wp-content\/uploads\/2025\/03\/DSC00530-HDR-scaled.jpg'><img loading=\"lazy\" decoding=\"async\" width=\"150\" height=\"150\" src=\"https:\/\/apartamentosjuanallo.es\/wp-content\/uploads\/2025\/03\/DSC00530-HDR-150x150.jpg\" class=\"attachment-thumbnail size-thumbnail\" alt=\"\" \/><\/a>\n\t\t\t<\/div><\/figure><figure class='gallery-item'>\n\t\t\t<div class='gallery-icon portrait'>\n\t\t\t\t<a data-elementor-open-lightbox=\"yes\" data-elementor-lightbox-slideshow=\"3d27929\" data-e-action-hash=\"#elementor-action%3Aaction%3Dlightbox%26settings%3DeyJpZCI6MjQxNiwidXJsIjoiaHR0cHM6XC9cL2FwYXJ0YW1lbnRvc2p1YW5hbGxvLmVzXC93cC1jb250ZW50XC91cGxvYWRzXC8yMDI1XC8wM1wvRFNDMDA1MDktSERSLXNjYWxlZC5qcGciLCJzbGlkZXNob3ciOiIzZDI3OTI5In0%3D\" href='https:\/\/apartamentosjuanallo.es\/wp-content\/uploads\/2025\/03\/DSC00509-HDR-scaled.jpg'><img loading=\"lazy\" decoding=\"async\" width=\"150\" height=\"150\" src=\"https:\/\/apartamentosjuanallo.es\/wp-content\/uploads\/2025\/03\/DSC00509-HDR-150x150.jpg\" class=\"attachment-thumbnail size-thumbnail\" alt=\"\" \/><\/a>\n\t\t\t<\/div><\/figure><figure class='gallery-item'>\n\t\t\t<div class='gallery-icon landscape'>\n\t\t\t\t<a data-elementor-open-lightbox=\"yes\" data-elementor-lightbox-slideshow=\"3d27929\" data-e-action-hash=\"#elementor-action%3Aaction%3Dlightbox%26settings%3DeyJpZCI6MjQxMiwidXJsIjoiaHR0cHM6XC9cL2FwYXJ0YW1lbnRvc2p1YW5hbGxvLmVzXC93cC1jb250ZW50XC91cGxvYWRzXC8yMDI1XC8wM1wvRFNDMDA0OTQtSERSLXNjYWxlZC5qcGciLCJzbGlkZXNob3ciOiIzZDI3OTI5In0%3D\" href='https:\/\/apartamentosjuanallo.es\/wp-content\/uploads\/2025\/03\/DSC00494-HDR-scaled.jpg'><img loading=\"lazy\" decoding=\"async\" width=\"150\" height=\"150\" src=\"https:\/\/apartamentosjuanallo.es\/wp-content\/uploads\/2025\/03\/DSC00494-HDR-150x150.jpg\" class=\"attachment-thumbnail size-thumbnail\" alt=\"\" \/><\/a>\n\t\t\t<\/div><\/figure>\n\t\t<\/div>\n\t\t<\/div>\n\t\t\t\t\t\t<\/div>\n\t\t\t\t<\/div>\n\t\t\t\t<\/div>\n\t\t\t\t\t<\/div>\n\t\t\t\t<\/div>\n\t\t\t\t<\/div>","protected":false},"excerpt":{"rendered":"<p>Tu hogar entre el mar y la historia de Galicia APARTAMENTO EN URDILDE Reg\u00e1late momentos de aut\u00e9ntico bienestar en el spa cercano, donde podr\u00e1s relajarte despu\u00e9s de tus excursiones. A tan solo 10 minutos, descubre el encanto de Ponte Maceira, reconocido como uno de los pueblos m\u00e1s bonitos de Espa\u00f1a, con su puente medieval sobre&hellip;&nbsp;<a href=\"https:\/\/apartamentosjuanallo.es\/en\/\" rel=\"bookmark\">Read More &raquo;<span class=\"screen-reader-text\">Home<\/span><\/a><\/p>","protected":false},"author":1,"featured_media":2440,"parent":0,"menu_order":0,"comment_status":"closed","ping_status":"closed","template":"","meta":{"neve_meta_sidebar":"default","neve_meta_container":"full-width","neve_meta_enable_content_width":"on","neve_meta_content_width":100,"neve_meta_title_alignment":"left","neve_meta_author_avatar":"","neve_post_elements_order":"","neve_meta_disable_header":"","neve_meta_disable_footer":"","neve_meta_disable_title":"on","neve_meta_reading_time":"","_ti_tpc_template_sync":false,"_ti_tpc_template_id":"6rwc3b6ltwrjqlusx79v","footnotes":""},"class_list":["post-593","page","type-page","status-publish","has-post-thumbnail","hentry"],"yoast_head":"<!-- This site is optimized with the Yoast SEO plugin v24.6 - https:\/\/yoast.com\/wordpress\/plugins\/seo\/ -->\n<title>Inicio - Apartamentos Juan All\u00f3<\/title>\n<meta name=\"description\" content=\"Nuestro apartamento en Urdilde ofrece lo mejor de dos mundos: la serenidad del rural gallego y los principales atractivos de la regi\u00f3n\" \/>\n<meta name=\"robots\" content=\"index, follow, max-snippet:-1, max-image-preview:large, max-video-preview:-1\" \/>\n<link rel=\"canonical\" href=\"https:\/\/apartamentosjuanallo.es\/en\/\" \/>\n<meta property=\"og:locale\" content=\"en_GB\" \/>\n<meta property=\"og:type\" content=\"article\" \/>\n<meta property=\"og:title\" content=\"Inicio - Apartamentos Juan All\u00f3\" \/>\n<meta property=\"og:description\" content=\"Nuestro apartamento en Urdilde ofrece lo mejor de dos mundos: la serenidad del rural gallego y los principales atractivos de la regi\u00f3n\" \/>\n<meta property=\"og:url\" content=\"https:\/\/apartamentosjuanallo.es\/en\/\" \/>\n<meta property=\"og:site_name\" content=\"Apartamentos Juan All\u00f3\" \/>\n<meta property=\"article:modified_time\" content=\"2025-03-04T09:39:09+00:00\" \/>\n<meta property=\"og:image\" content=\"https:\/\/apartamentosjuanallo.es\/wp-content\/uploads\/2025\/03\/DSC00494-HDR-1-scaled.jpg\" \/>\n\t<meta property=\"og:image:width\" content=\"2560\" \/>\n\t<meta property=\"og:image:height\" content=\"1712\" \/>\n\t<meta property=\"og:image:type\" content=\"image\/jpeg\" \/>\n<meta name=\"twitter:card\" content=\"summary_large_image\" \/>\n<meta name=\"twitter:label1\" content=\"Estimated reading time\" \/>\n\t<meta name=\"twitter:data1\" content=\"4 minutes\" \/>\n<script type=\"application\/ld+json\" class=\"yoast-schema-graph\">{\"@context\":\"https:\/\/schema.org\",\"@graph\":[{\"@type\":\"WebPage\",\"@id\":\"https:\/\/apartamentosjuanallo.es\/\",\"url\":\"https:\/\/apartamentosjuanallo.es\/\",\"name\":\"Inicio - Apartamentos Juan All\u00f3\",\"isPartOf\":{\"@id\":\"https:\/\/teal-clam-246219.hostingersite.com\/#website\"},\"primaryImageOfPage\":{\"@id\":\"https:\/\/apartamentosjuanallo.es\/#primaryimage\"},\"image\":{\"@id\":\"https:\/\/apartamentosjuanallo.es\/#primaryimage\"},\"thumbnailUrl\":\"https:\/\/apartamentosjuanallo.es\/wp-content\/uploads\/2025\/03\/DSC00494-HDR-1-scaled.jpg\",\"datePublished\":\"2020-01-13T11:08:58+00:00\",\"dateModified\":\"2025-03-04T09:39:09+00:00\",\"description\":\"Nuestro apartamento en Urdilde ofrece lo mejor de dos mundos: la serenidad del rural gallego y los principales atractivos de la regi\u00f3n\",\"breadcrumb\":{\"@id\":\"https:\/\/apartamentosjuanallo.es\/#breadcrumb\"},\"inLanguage\":\"en-GB\",\"potentialAction\":[{\"@type\":\"ReadAction\",\"target\":[\"https:\/\/apartamentosjuanallo.es\/\"]}]},{\"@type\":\"ImageObject\",\"inLanguage\":\"en-GB\",\"@id\":\"https:\/\/apartamentosjuanallo.es\/#primaryimage\",\"url\":\"https:\/\/apartamentosjuanallo.es\/wp-content\/uploads\/2025\/03\/DSC00494-HDR-1-scaled.jpg\",\"contentUrl\":\"https:\/\/apartamentosjuanallo.es\/wp-content\/uploads\/2025\/03\/DSC00494-HDR-1-scaled.jpg\",\"width\":2560,\"height\":1712},{\"@type\":\"BreadcrumbList\",\"@id\":\"https:\/\/apartamentosjuanallo.es\/#breadcrumb\",\"itemListElement\":[{\"@type\":\"ListItem\",\"position\":1,\"name\":\"Portada\",\"item\":\"https:\/\/apartamentosjuanallo.es\/\"},{\"@type\":\"ListItem\",\"position\":2,\"name\":\"Inicio\"}]},{\"@type\":\"WebSite\",\"@id\":\"https:\/\/teal-clam-246219.hostingersite.com\/#website\",\"url\":\"https:\/\/teal-clam-246219.hostingersite.com\/\",\"name\":\"Apartamentos Juan All\u00f3\",\"description\":\"Apartamentos Juan All\u00f3\",\"publisher\":{\"@id\":\"https:\/\/teal-clam-246219.hostingersite.com\/#organization\"},\"potentialAction\":[{\"@type\":\"SearchAction\",\"target\":{\"@type\":\"EntryPoint\",\"urlTemplate\":\"https:\/\/teal-clam-246219.hostingersite.com\/?s={search_term_string}\"},\"query-input\":{\"@type\":\"PropertyValueSpecification\",\"valueRequired\":true,\"valueName\":\"search_term_string\"}}],\"inLanguage\":\"en-GB\"},{\"@type\":\"Organization\",\"@id\":\"https:\/\/teal-clam-246219.hostingersite.com\/#organization\",\"name\":\"Apartamentos Juan All\u00f3\",\"url\":\"https:\/\/teal-clam-246219.hostingersite.com\/\",\"logo\":{\"@type\":\"ImageObject\",\"inLanguage\":\"en-GB\",\"@id\":\"https:\/\/teal-clam-246219.hostingersite.com\/#\/schema\/logo\/image\/\",\"url\":\"https:\/\/apartamentosjuanallo.es\/wp-content\/uploads\/2025\/03\/Sin-nombre.png\",\"contentUrl\":\"https:\/\/apartamentosjuanallo.es\/wp-content\/uploads\/2025\/03\/Sin-nombre.png\",\"width\":120,\"height\":100,\"caption\":\"Apartamentos Juan All\u00f3\"},\"image\":{\"@id\":\"https:\/\/teal-clam-246219.hostingersite.com\/#\/schema\/logo\/image\/\"}}]}<\/script>\n<!-- \/ Yoast SEO plugin. -->","yoast_head_json":{"title":"Inicio - Apartamentos Juan All\u00f3","description":"Nuestro apartamento en Urdilde ofrece lo mejor de dos mundos: la serenidad del rural gallego y los principales atractivos de la regi\u00f3n","robots":{"index":"index","follow":"follow","max-snippet":"max-snippet:-1","max-image-preview":"max-image-preview:large","max-video-preview":"max-video-preview:-1"},"canonical":"https:\/\/apartamentosjuanallo.es\/en\/","og_locale":"en_GB","og_type":"article","og_title":"Inicio - Apartamentos Juan All\u00f3","og_description":"Nuestro apartamento en Urdilde ofrece lo mejor de dos mundos: la serenidad del rural gallego y los principales atractivos de la regi\u00f3n","og_url":"https:\/\/apartamentosjuanallo.es\/en\/","og_site_name":"Apartamentos Juan All\u00f3","article_modified_time":"2025-03-04T09:39:09+00:00","og_image":[{"width":2560,"height":1712,"url":"https:\/\/apartamentosjuanallo.es\/wp-content\/uploads\/2025\/03\/DSC00494-HDR-1-scaled.jpg","type":"image\/jpeg"}],"twitter_card":"summary_large_image","twitter_misc":{"Estimated reading time":"4 minutes"},"schema":{"@context":"https:\/\/schema.org","@graph":[{"@type":"WebPage","@id":"https:\/\/apartamentosjuanallo.es\/","url":"https:\/\/apartamentosjuanallo.es\/","name":"Inicio - Apartamentos Juan All\u00f3","isPartOf":{"@id":"https:\/\/teal-clam-246219.hostingersite.com\/#website"},"primaryImageOfPage":{"@id":"https:\/\/apartamentosjuanallo.es\/#primaryimage"},"image":{"@id":"https:\/\/apartamentosjuanallo.es\/#primaryimage"},"thumbnailUrl":"https:\/\/apartamentosjuanallo.es\/wp-content\/uploads\/2025\/03\/DSC00494-HDR-1-scaled.jpg","datePublished":"2020-01-13T11:08:58+00:00","dateModified":"2025-03-04T09:39:09+00:00","description":"Nuestro apartamento en Urdilde ofrece lo mejor de dos mundos: la serenidad del rural gallego y los principales atractivos de la regi\u00f3n","breadcrumb":{"@id":"https:\/\/apartamentosjuanallo.es\/#breadcrumb"},"inLanguage":"en-GB","potentialAction":[{"@type":"ReadAction","target":["https:\/\/apartamentosjuanallo.es\/"]}]},{"@type":"ImageObject","inLanguage":"en-GB","@id":"https:\/\/apartamentosjuanallo.es\/#primaryimage","url":"https:\/\/apartamentosjuanallo.es\/wp-content\/uploads\/2025\/03\/DSC00494-HDR-1-scaled.jpg","contentUrl":"https:\/\/apartamentosjuanallo.es\/wp-content\/uploads\/2025\/03\/DSC00494-HDR-1-scaled.jpg","width":2560,"height":1712},{"@type":"BreadcrumbList","@id":"https:\/\/apartamentosjuanallo.es\/#breadcrumb","itemListElement":[{"@type":"ListItem","position":1,"name":"Portada","item":"https:\/\/apartamentosjuanallo.es\/"},{"@type":"ListItem","position":2,"name":"Inicio"}]},{"@type":"WebSite","@id":"https:\/\/teal-clam-246219.hostingersite.com\/#website","url":"https:\/\/teal-clam-246219.hostingersite.com\/","name":"Apartamentos Juan All\u00f3","description":"Apartamentos Juan All\u00f3","publisher":{"@id":"https:\/\/teal-clam-246219.hostingersite.com\/#organization"},"potentialAction":[{"@type":"SearchAction","target":{"@type":"EntryPoint","urlTemplate":"https:\/\/teal-clam-246219.hostingersite.com\/?s={search_term_string}"},"query-input":{"@type":"PropertyValueSpecification","valueRequired":true,"valueName":"search_term_string"}}],"inLanguage":"en-GB"},{"@type":"Organization","@id":"https:\/\/teal-clam-246219.hostingersite.com\/#organization","name":"Apartamentos Juan All\u00f3","url":"https:\/\/teal-clam-246219.hostingersite.com\/","logo":{"@type":"ImageObject","inLanguage":"en-GB","@id":"https:\/\/teal-clam-246219.hostingersite.com\/#\/schema\/logo\/image\/","url":"https:\/\/apartamentosjuanallo.es\/wp-content\/uploads\/2025\/03\/Sin-nombre.png","contentUrl":"https:\/\/apartamentosjuanallo.es\/wp-content\/uploads\/2025\/03\/Sin-nombre.png","width":120,"height":100,"caption":"Apartamentos Juan All\u00f3"},"image":{"@id":"https:\/\/teal-clam-246219.hostingersite.com\/#\/schema\/logo\/image\/"}}]}},"_links":{"self":[{"href":"https:\/\/apartamentosjuanallo.es\/en\/wp-json\/wp\/v2\/pages\/593","targetHints":{"allow":["GET"]}}],"collection":[{"href":"https:\/\/apartamentosjuanallo.es\/en\/wp-json\/wp\/v2\/pages"}],"about":[{"href":"https:\/\/apartamentosjuanallo.es\/en\/wp-json\/wp\/v2\/types\/page"}],"author":[{"embeddable":true,"href":"https:\/\/apartamentosjuanallo.es\/en\/wp-json\/wp\/v2\/users\/1"}],"replies":[{"embeddable":true,"href":"https:\/\/apartamentosjuanallo.es\/en\/wp-json\/wp\/v2\/comments?post=593"}],"version-history":[{"count":51,"href":"https:\/\/apartamentosjuanallo.es\/en\/wp-json\/wp\/v2\/pages\/593\/revisions"}],"predecessor-version":[{"id":2501,"href":"https:\/\/apartamentosjuanallo.es\/en\/wp-json\/wp\/v2\/pages\/593\/revisions\/2501"}],"wp:featuredmedia":[{"embeddable":true,"href":"https:\/\/apartamentosjuanallo.es\/en\/wp-json\/wp\/v2\/media\/2440"}],"wp:attachment":[{"href":"https:\/\/apartamentosjuanallo.es\/en\/wp-json\/wp\/v2\/media?parent=593"}],"curies":[{"name":"wp","href":"https:\/\/api.w.org\/{rel}","templated":true}]}}